{"id":3543,"date":"2024-03-13T12:22:21","date_gmt":"2024-03-13T11:22:21","guid":{"rendered":"https:\/\/relaunch.mariesteffen.com\/data-protection\/"},"modified":"2026-02-28T15:07:26","modified_gmt":"2026-02-28T14:07:26","slug":"data-protection","status":"publish","type":"page","link":"https:\/\/the-art-of-health.de\/en\/data-protection\/","title":{"rendered":"Data protection"},"content":{"rendered":"\t\t<div data-elementor-type=\"wp-page\" data-elementor-id=\"3543\" class=\"elementor elementor-3543 elementor-51\" data-elementor-post-type=\"page\">\n\t\t\t\t<div data-particle_enable=\"false\" data-particle-mobile-disabled=\"false\" class=\"elementor-element elementor-element-6b00b1a e-flex e-con-boxed e-con e-parent\" data-id=\"6b00b1a\" data-element_type=\"container\">\n\t\t\t\t\t<div class=\"e-con-inner\">\n\t\t\t\t<div class=\"elementor-element elementor-element-c676451 elementor-widget elementor-widget-heading\" data-id=\"c676451\" data-element_type=\"widget\" data-widget_type=\"heading.default\">\n\t\t\t\t<div class=\"elementor-widget-container\">\n\t\t\t\t\t<h2 class=\"elementor-heading-title elementor-size-default\">Data protection<\/h2>\t\t\t\t<\/div>\n\t\t\t\t<\/div>\n\t\t\t\t<div class=\"elementor-element elementor-element-1adc823 elementor-widget elementor-widget-text-editor\" data-id=\"1adc823\" data-element_type=\"widget\" data-widget_type=\"text-editor.default\">\n\t\t\t\t<div class=\"elementor-widget-container\">\n\t\t\t\t\t\t\t\t\t<p>In this privacy policy, we inform you about the processing of your personal data.<\/p>\n<p>Sofern Sie Ihre Datenschutzeinstellungen \u00e4ndern m\u00f6chten (Einwilligungen erteilen oder bereits erteilte Einwilligungen widerrufen), klicken Sie <a href=\"https:\/\/the-art-of-health.de\/en\/data-protection\/?preview_id=51&#038;preview_nonce=37b5db22f3&#038;preview=true\">hier <\/a>um Ihre Einstellungen zu \u00e4ndern.<\/p>\n<p><strong>Responsible<\/strong><\/p>\n<p>Marie Steffen, Marie Steffen | The Art of Health, c\/o UMA Hub GmbH, Grossbeerenstrasse 60, 10965 Berlin, Deutschland,&nbsp;<a href=\"mailto:mail@mariesteffen.com\">mail@mariesteffen.com<\/a><\/p>\n<p><strong>Hosting<\/strong><\/p>\n<p><strong>All-inkl.com<\/strong><\/p>\n<p>Wir hosten unsere Website bei unserem Auftragsverarbeiter&nbsp;<a href=\"https:\/\/all-inkl.com\/\">All-inkl.com<\/a>, ALL-INKL.COM \u2013 Neue Medien M\u00fcnnich, Ren\u00e9 M\u00fcnnich, Hauptstra\u00dfe 68, 02742 Friedersdorf, Deutschland.<\/p>\n<p>Connection data is processed for the purpose of providing and delivering the website. For the sole purpose of delivering and providing the website, the data is not stored beyond the call.<\/p>\n<p>The legal basis for data processing is the legitimate interest (absolute technical necessity for the provision and delivery of the &#8220;website&#8221; service expressly requested by you by calling it up) in accordance with Art. 6 para. 1 lit. a GDPR. 1 lit. f GDPR.<\/p>\n<p>In order to operate the website, the connection data and other personal data are also processed as part of various other functions and services. Detailed information on this is provided in this privacy policy for the individual functions and services.<\/p>\n<p><strong>Registration form<\/strong><\/p>\n<p>We offer you a registration option on our website. After submitting the registration, the data provided in the registration form will be processed by us for the purpose of fulfilling the contract on the basis of the contract concluded with the registration in accordance with Art. 6 para. 1 lit. f GDPR. Art. 6 para. 1 lit. b GDPR for the term of the contract.<\/p>\n<p>There is no legal or contractual obligation to provide personal data. Failure to do so merely means that registration is not possible.<\/p>\n<p>Data will not be transferred to third parties.<\/p>\n<p><strong>Right of objection<\/strong><\/p>\n<p>If your personal data is processed on the basis of legitimate interest, you have the right to object to this processing.<\/p>\n<p>If there are no compelling legitimate grounds for the processing on our part, the processing of your data will be discontinued on the basis of this legal basis.<\/p>\n<p>You also have the right to object to the processing of your personal data for the purpose of direct marketing. If you object, your personal data will no longer be processed for the purpose of direct marketing.<\/p>\n<p>The legality of the data processed prior to the objection is not affected by the objection.<\/p>\n<p><strong>Right of withdrawal<\/strong><\/p>\n<p>Sie haben das Recht eine bereits erteilte Einwilligung jederzeit zu widerrufen, indem Sie die&nbsp;<a href=\"https:\/\/the-art-of-health.de\/en\/data-protection\/?preview_id=51&#038;preview_nonce=37b5db22f3&#038;preview=true\">Datenschutzeinstellungen<\/a>&nbsp;\u00e4ndern.<\/p>\n<p>If you have consented to receiving electronic advertising, you can withdraw your consent by clicking on the unsubscribe link. In this case, processing will be discontinued unless there is another legal basis.<\/p>\n<p>The legality of the data processed until the revocation is not affected by the revocation.<\/p>\n<p><strong>Rights of data subjects<\/strong><\/p>\n<p>You also have the right to information, correction, deletion and restriction of the processing of personal data.<\/p>\n<p>If the legal basis for processing your personal data is your consent or a contract concluded with you, you also have the right to data portability.<\/p>\n<p>You also have the right to lodge a complaint with the supervisory authority. N\u00e4here Informationen zu den Aufsichtsbeh\u00f6rden in der Europ\u00e4ischen Union finden Sie&nbsp;<a href=\"https:\/\/ec.europa.eu\/justice\/article-29\/structure\/data-protection-authorities\/index_en.htm\">hier<\/a>.<\/p>\t\t\t\t\t\t\t\t<\/div>\n\t\t\t\t<\/div>\n\t\t\t\t\t<\/div>\n\t\t\t\t<\/div>\n\t\t\t\t<\/div>\n\t\t","protected":false},"excerpt":{"rendered":"<p>Data protection In this privacy policy, we inform you about the processing of your personal data. Sofern Sie Ihre Datenschutzeinstellungen \u00e4ndern m\u00f6chten (Einwilligungen erteilen oder bereits erteilte Einwilligungen widerrufen), klicken Sie hier um Ihre Einstellungen zu \u00e4ndern. Responsible Marie Steffen, Marie Steffen | The Art of Health, c\/o UMA Hub GmbH, Grossbeerenstrasse 60, 10965 Berlin, [&hellip;]<\/p>\n","protected":false},"author":1,"featured_media":0,"parent":0,"menu_order":0,"comment_status":"closed","ping_status":"closed","template":"","meta":{"ocean_post_layout":"","ocean_both_sidebars_style":"","ocean_both_sidebars_content_width":0,"ocean_both_sidebars_sidebars_width":0,"ocean_sidebar":"","ocean_second_sidebar":"","ocean_disable_margins":"enable","ocean_add_body_class":"","ocean_shortcode_before_top_bar":"","ocean_shortcode_after_top_bar":"","ocean_shortcode_before_header":"","ocean_shortcode_after_header":"","ocean_has_shortcode":"","ocean_shortcode_after_title":"","ocean_shortcode_before_footer_widgets":"","ocean_shortcode_after_footer_widgets":"","ocean_shortcode_before_footer_bottom":"","ocean_shortcode_after_footer_bottom":"","ocean_display_top_bar":"default","ocean_display_header":"default","ocean_header_style":"","ocean_center_header_left_menu":"","ocean_custom_header_template":"","ocean_custom_logo":0,"ocean_custom_retina_logo":0,"ocean_custom_logo_max_width":0,"ocean_custom_logo_tablet_max_width":0,"ocean_custom_logo_mobile_max_width":0,"ocean_custom_logo_max_height":0,"ocean_custom_logo_tablet_max_height":0,"ocean_custom_logo_mobile_max_height":0,"ocean_header_custom_menu":"","ocean_menu_typo_font_family":"","ocean_menu_typo_font_subset":"","ocean_menu_typo_font_size":0,"ocean_menu_typo_font_size_tablet":0,"ocean_menu_typo_font_size_mobile":0,"ocean_menu_typo_font_size_unit":"px","ocean_menu_typo_font_weight":"","ocean_menu_typo_font_weight_tablet":"","ocean_menu_typo_font_weight_mobile":"","ocean_menu_typo_transform":"","ocean_menu_typo_transform_tablet":"","ocean_menu_typo_transform_mobile":"","ocean_menu_typo_line_height":0,"ocean_menu_typo_line_height_tablet":0,"ocean_menu_typo_line_height_mobile":0,"ocean_menu_typo_line_height_unit":"","ocean_menu_typo_spacing":0,"ocean_menu_typo_spacing_tablet":0,"ocean_menu_typo_spacing_mobile":0,"ocean_menu_typo_spacing_unit":"","ocean_menu_link_color":"","ocean_menu_link_color_hover":"","ocean_menu_link_color_active":"","ocean_menu_link_background":"","ocean_menu_link_hover_background":"","ocean_menu_link_active_background":"","ocean_menu_social_links_bg":"","ocean_menu_social_hover_links_bg":"","ocean_menu_social_links_color":"","ocean_menu_social_hover_links_color":"","ocean_disable_title":"default","ocean_disable_heading":"default","ocean_post_title":"","ocean_post_subheading":"","ocean_post_title_style":"","ocean_post_title_background_color":"","ocean_post_title_background":0,"ocean_post_title_bg_image_position":"","ocean_post_title_bg_image_attachment":"","ocean_post_title_bg_image_repeat":"","ocean_post_title_bg_image_size":"","ocean_post_title_height":0,"ocean_post_title_bg_overlay":0.5,"ocean_post_title_bg_overlay_color":"","ocean_disable_breadcrumbs":"default","ocean_breadcrumbs_color":"","ocean_breadcrumbs_separator_color":"","ocean_breadcrumbs_links_color":"","ocean_breadcrumbs_links_hover_color":"","ocean_display_footer_widgets":"default","ocean_display_footer_bottom":"default","ocean_custom_footer_template":"","footnotes":""},"folder":[7],"class_list":["post-3543","page","type-page","status-publish","hentry","entry"],"yoast_head":"<!-- This site is optimized with the Yoast SEO plugin v26.4 - https:\/\/yoast.com\/wordpress\/plugins\/seo\/ -->\n<title>Privacy Policy - Marie Steffen<\/title>\n<meta name=\"description\" content=\"In this privacy policy, we inform you about the processing of your personal data.\" \/>\n<meta name=\"robots\" content=\"index, follow, max-snippet:-1, max-image-preview:large, max-video-preview:-1\" \/>\n<link rel=\"canonical\" href=\"https:\/\/the-art-of-health.de\/en\/data-protection\/\" \/>\n<meta property=\"og:locale\" content=\"en_US\" \/>\n<meta property=\"og:type\" content=\"article\" \/>\n<meta property=\"og:title\" content=\"Privacy Policy - Marie Steffen\" \/>\n<meta property=\"og:description\" content=\"In this privacy policy, we inform you about the processing of your personal data.\" \/>\n<meta property=\"og:url\" content=\"https:\/\/the-art-of-health.de\/en\/data-protection\/\" \/>\n<meta property=\"og:site_name\" content=\"The Art of Health\" \/>\n<meta property=\"article:modified_time\" content=\"2026-02-28T14:07:26+00:00\" \/>\n<meta name=\"twitter:card\" content=\"summary_large_image\" \/>\n<meta name=\"twitter:label1\" content=\"Est. reading time\" \/>\n\t<meta name=\"twitter:data1\" content=\"3 minutes\" \/>\n<script type=\"application\/ld+json\" class=\"yoast-schema-graph\">{\"@context\":\"https:\/\/schema.org\",\"@graph\":[{\"@type\":\"WebPage\",\"@id\":\"https:\/\/the-art-of-health.de\/en\/data-protection\/\",\"url\":\"https:\/\/the-art-of-health.de\/en\/data-protection\/\",\"name\":\"Privacy Policy - Marie Steffen\",\"isPartOf\":{\"@id\":\"https:\/\/the-art-of-health.de\/en\/#website\"},\"datePublished\":\"2024-03-13T11:22:21+00:00\",\"dateModified\":\"2026-02-28T14:07:26+00:00\",\"description\":\"In this privacy policy, we inform you about the processing of your personal data.\",\"breadcrumb\":{\"@id\":\"https:\/\/the-art-of-health.de\/en\/data-protection\/#breadcrumb\"},\"inLanguage\":\"en-US\",\"potentialAction\":[{\"@type\":\"ReadAction\",\"target\":[\"https:\/\/the-art-of-health.de\/en\/data-protection\/\"]}]},{\"@type\":\"BreadcrumbList\",\"@id\":\"https:\/\/the-art-of-health.de\/en\/data-protection\/#breadcrumb\",\"itemListElement\":[{\"@type\":\"ListItem\",\"position\":1,\"name\":\"Startseite\",\"item\":\"https:\/\/the-art-of-health.de\/en\/home\/\"},{\"@type\":\"ListItem\",\"position\":2,\"name\":\"Data protection\"}]},{\"@type\":\"WebSite\",\"@id\":\"https:\/\/the-art-of-health.de\/en\/#website\",\"url\":\"https:\/\/the-art-of-health.de\/en\/\",\"name\":\"The Art of Health\",\"description\":\"Marie Steffen Online Fitness Coach\",\"publisher\":{\"@id\":\"https:\/\/the-art-of-health.de\/en\/#organization\"},\"potentialAction\":[{\"@type\":\"SearchAction\",\"target\":{\"@type\":\"EntryPoint\",\"urlTemplate\":\"https:\/\/the-art-of-health.de\/en\/?s={search_term_string}\"},\"query-input\":{\"@type\":\"PropertyValueSpecification\",\"valueRequired\":true,\"valueName\":\"search_term_string\"}}],\"inLanguage\":\"en-US\"},{\"@type\":\"Organization\",\"@id\":\"https:\/\/the-art-of-health.de\/en\/#organization\",\"name\":\"The Art of Health\",\"url\":\"https:\/\/the-art-of-health.de\/en\/\",\"logo\":{\"@type\":\"ImageObject\",\"inLanguage\":\"en-US\",\"@id\":\"https:\/\/the-art-of-health.de\/en\/#\/schema\/logo\/image\/\",\"url\":\"https:\/\/the-art-of-health.de\/wp-content\/uploads\/2024\/03\/toah_mark_anthracite-e1710957354891.png\",\"contentUrl\":\"https:\/\/the-art-of-health.de\/wp-content\/uploads\/2024\/03\/toah_mark_anthracite-e1710957354891.png\",\"width\":788,\"height\":887,\"caption\":\"The Art of Health\"},\"image\":{\"@id\":\"https:\/\/the-art-of-health.de\/en\/#\/schema\/logo\/image\/\"}}]}<\/script>\n<!-- \/ Yoast SEO plugin. -->","yoast_head_json":{"title":"Privacy Policy - Marie Steffen","description":"In this privacy policy, we inform you about the processing of your personal data.","robots":{"index":"index","follow":"follow","max-snippet":"max-snippet:-1","max-image-preview":"max-image-preview:large","max-video-preview":"max-video-preview:-1"},"canonical":"https:\/\/the-art-of-health.de\/en\/data-protection\/","og_locale":"en_US","og_type":"article","og_title":"Privacy Policy - Marie Steffen","og_description":"In this privacy policy, we inform you about the processing of your personal data.","og_url":"https:\/\/the-art-of-health.de\/en\/data-protection\/","og_site_name":"The Art of Health","article_modified_time":"2026-02-28T14:07:26+00:00","twitter_card":"summary_large_image","twitter_misc":{"Est. reading time":"3 minutes"},"schema":{"@context":"https:\/\/schema.org","@graph":[{"@type":"WebPage","@id":"https:\/\/the-art-of-health.de\/en\/data-protection\/","url":"https:\/\/the-art-of-health.de\/en\/data-protection\/","name":"Privacy Policy - Marie Steffen","isPartOf":{"@id":"https:\/\/the-art-of-health.de\/en\/#website"},"datePublished":"2024-03-13T11:22:21+00:00","dateModified":"2026-02-28T14:07:26+00:00","description":"In this privacy policy, we inform you about the processing of your personal data.","breadcrumb":{"@id":"https:\/\/the-art-of-health.de\/en\/data-protection\/#breadcrumb"},"inLanguage":"en-US","potentialAction":[{"@type":"ReadAction","target":["https:\/\/the-art-of-health.de\/en\/data-protection\/"]}]},{"@type":"BreadcrumbList","@id":"https:\/\/the-art-of-health.de\/en\/data-protection\/#breadcrumb","itemListElement":[{"@type":"ListItem","position":1,"name":"Startseite","item":"https:\/\/the-art-of-health.de\/en\/home\/"},{"@type":"ListItem","position":2,"name":"Data protection"}]},{"@type":"WebSite","@id":"https:\/\/the-art-of-health.de\/en\/#website","url":"https:\/\/the-art-of-health.de\/en\/","name":"The Art of Health","description":"Marie Steffen Online Fitness Coach","publisher":{"@id":"https:\/\/the-art-of-health.de\/en\/#organization"},"potentialAction":[{"@type":"SearchAction","target":{"@type":"EntryPoint","urlTemplate":"https:\/\/the-art-of-health.de\/en\/?s={search_term_string}"},"query-input":{"@type":"PropertyValueSpecification","valueRequired":true,"valueName":"search_term_string"}}],"inLanguage":"en-US"},{"@type":"Organization","@id":"https:\/\/the-art-of-health.de\/en\/#organization","name":"The Art of Health","url":"https:\/\/the-art-of-health.de\/en\/","logo":{"@type":"ImageObject","inLanguage":"en-US","@id":"https:\/\/the-art-of-health.de\/en\/#\/schema\/logo\/image\/","url":"https:\/\/the-art-of-health.de\/wp-content\/uploads\/2024\/03\/toah_mark_anthracite-e1710957354891.png","contentUrl":"https:\/\/the-art-of-health.de\/wp-content\/uploads\/2024\/03\/toah_mark_anthracite-e1710957354891.png","width":788,"height":887,"caption":"The Art of Health"},"image":{"@id":"https:\/\/the-art-of-health.de\/en\/#\/schema\/logo\/image\/"}}]}},"_links":{"self":[{"href":"https:\/\/the-art-of-health.de\/en\/wp-json\/wp\/v2\/pages\/3543","targetHints":{"allow":["GET"]}}],"collection":[{"href":"https:\/\/the-art-of-health.de\/en\/wp-json\/wp\/v2\/pages"}],"about":[{"href":"https:\/\/the-art-of-health.de\/en\/wp-json\/wp\/v2\/types\/page"}],"author":[{"embeddable":true,"href":"https:\/\/the-art-of-health.de\/en\/wp-json\/wp\/v2\/users\/1"}],"replies":[{"embeddable":true,"href":"https:\/\/the-art-of-health.de\/en\/wp-json\/wp\/v2\/comments?post=3543"}],"version-history":[{"count":2,"href":"https:\/\/the-art-of-health.de\/en\/wp-json\/wp\/v2\/pages\/3543\/revisions"}],"predecessor-version":[{"id":5941,"href":"https:\/\/the-art-of-health.de\/en\/wp-json\/wp\/v2\/pages\/3543\/revisions\/5941"}],"wp:attachment":[{"href":"https:\/\/the-art-of-health.de\/en\/wp-json\/wp\/v2\/media?parent=3543"}],"wp:term":[{"taxonomy":"folder","embeddable":true,"href":"https:\/\/the-art-of-health.de\/en\/wp-json\/wp\/v2\/folder?post=3543"}],"curies":[{"name":"wp","href":"https:\/\/api.w.org\/{rel}","templated":true}]}}